{"id":61,"date":"2023-03-02T18:39:24","date_gmt":"2023-03-02T18:39:24","guid":{"rendered":"https:\/\/jfey.com.br\/?page_id=61"},"modified":"2023-06-16T13:45:55","modified_gmt":"2023-06-16T13:45:55","slug":"compensado-resinado","status":"publish","type":"page","link":"https:\/\/jfey.com.br\/index.php\/compensado-resinado\/","title":{"rendered":"Compensado Resinado"},"content":{"rendered":"\n<p>O Compensado Resinado \u00e9 produzido a partir da montagem de l\u00e2minas de madeira coladas com as fibras das l\u00e2minas adjacentes posicionadas de forma ortogonal. Essa disposi\u00e7\u00e3o das fibras confere ao produto maior resist\u00eancia e estabilidade dimensional. Al\u00e9m disso, a tecnologia utilizada na fabrica\u00e7\u00e3o da cola \u00e9 a mesma empregada no Compensado Plastificado, o que garante uma qualidade de colagem t\u00e3o boas quanto as do seu &#8220;irm\u00e3o&#8221; com pel\u00edcula. <\/p>\n\n\n\n<p>Este produto n\u00e3o recebe o <em>Tego Film<\/em> na face externa, o que confere ao produto uma apar\u00eancia mais natural. Por essa raz\u00e3o, \u00e9 uma op\u00e7\u00e3o adequada para constru\u00e7\u00e3o de casas e m\u00f3veis.<\/p>\n\n\n\n<div id=\"wp-block-themeisle-blocks-tabs-080e3122\" class=\"wp-block-themeisle-blocks-tabs\"><div class=\"wp-block-themeisle-blocks-tabs__content\">\n<div data-title=\"Compensado 1,10 m x 2,20 m\" class=\"wp-block-themeisle-blocks-tabs-item\"><div class=\"wp-block-themeisle-blocks-tabs-item__header\" tabindex=\"0\">Compensado 1,10 m x 2,20 m<\/div><div class=\"wp-block-themeisle-blocks-tabs-item__content\">\n<p>Est\u00e3o dispon\u00edveis op\u00e7\u00f5es de capa de pinus, eucalipto e pinho cuiabano.<\/p>\n\n\n\n<figure class=\"wp-block-table is-style-stripes\"><table><tbody><tr><td class=\"has-text-align-center\" data-align=\"center\"><strong>Espessura (mm)<\/strong><\/td><td class=\"has-text-align-center\" data-align=\"center\"><strong>Camadas<\/strong><\/td><td class=\"has-text-align-center\" data-align=\"center\"><strong>C\u00f3digo<\/strong><\/td><\/tr><tr><td class=\"has-text-align-center\" data-align=\"center\">05<\/td><td class=\"has-text-align-center\" data-align=\"center\">3<\/td><td class=\"has-text-align-center\" data-align=\"center\">#JF01RSX0305<\/td><\/tr><tr><td class=\"has-text-align-center\" data-align=\"center\">06<\/td><td class=\"has-text-align-center\" data-align=\"center\">3<\/td><td class=\"has-text-align-center\" data-align=\"center\">#JF01RSX0306<\/td><\/tr><tr><td class=\"has-text-align-center\" data-align=\"center\">09<\/td><td class=\"has-text-align-center\" data-align=\"center\">5<\/td><td class=\"has-text-align-center\" data-align=\"center\">#JF01RSX0509<\/td><\/tr><tr><td class=\"has-text-align-center\" data-align=\"center\">11<\/td><td class=\"has-text-align-center\" data-align=\"center\">5<\/td><td class=\"has-text-align-center\" data-align=\"center\">#JF01RSX0511<\/td><\/tr><tr><td class=\"has-text-align-center\" data-align=\"center\">13<\/td><td class=\"has-text-align-center\" data-align=\"center\">5<\/td><td class=\"has-text-align-center\" data-align=\"center\">#JF01RSX0513<\/td><\/tr><tr><td class=\"has-text-align-center\" data-align=\"center\">13<\/td><td class=\"has-text-align-center\" data-align=\"center\">7<\/td><td class=\"has-text-align-center\" data-align=\"center\">#JF01RSX0713<\/td><\/tr><tr><td class=\"has-text-align-center\" data-align=\"center\">14<\/td><td class=\"has-text-align-center\" data-align=\"center\">7<\/td><td class=\"has-text-align-center\" data-align=\"center\">#JF01RSX0714<\/td><\/tr><tr><td class=\"has-text-align-center\" data-align=\"center\">16<\/td><td class=\"has-text-align-center\" data-align=\"center\">7<\/td><td class=\"has-text-align-center\" data-align=\"center\">#JF01RSX0716<\/td><\/tr><tr><td class=\"has-text-align-center\" data-align=\"center\">18<\/td><td class=\"has-text-align-center\" data-align=\"center\">7<\/td><td class=\"has-text-align-center\" data-align=\"center\">#JF01RSX0718<\/td><\/tr><tr><td class=\"has-text-align-center\" data-align=\"center\">18<\/td><td class=\"has-text-align-center\" data-align=\"center\">9<\/td><td class=\"has-text-align-center\" data-align=\"center\">#JF01RSX0918<\/td><\/tr><tr><td class=\"has-text-align-center\" data-align=\"center\">19<\/td><td class=\"has-text-align-center\" data-align=\"center\">9<\/td><td class=\"has-text-align-center\" data-align=\"center\">#JF01RSX0919<\/td><\/tr><tr><td class=\"has-text-align-center\" data-align=\"center\">20<\/td><td class=\"has-text-align-center\" data-align=\"center\">11<\/td><td class=\"has-text-align-center\" data-align=\"center\">#JF01RSX1120<\/td><\/tr><tr><td class=\"has-text-align-center\" data-align=\"center\">25<\/td><td class=\"has-text-align-center\" data-align=\"center\">13<\/td><td class=\"has-text-align-center\" data-align=\"center\">#JF01RSX1325<\/td><\/tr><\/tbody><\/table><figcaption class=\"wp-element-caption\">Miolo e enchimento em pinus ou eucalipto<\/figcaption><\/figure>\n<\/div><\/div>\n\n\n\n<div data-title=\"Compensado 1,22 m x 2,44 m\" class=\"wp-block-themeisle-blocks-tabs-item\"><div class=\"wp-block-themeisle-blocks-tabs-item__header\" tabindex=\"0\">Compensado 1,22 m x 2,44 m<\/div><div class=\"wp-block-themeisle-blocks-tabs-item__content\">\n<p>Capa em pinus<\/p>\n\n\n\n<figure class=\"wp-block-table is-style-stripes\"><table><tbody><tr><td class=\"has-text-align-center\" data-align=\"center\"><strong>Espessura (mm)<\/strong><\/td><td class=\"has-text-align-center\" data-align=\"center\"><strong>Camadas<\/strong><\/td><td class=\"has-text-align-center\" data-align=\"center\"><strong>C\u00f3digo<\/strong><\/td><\/tr><tr><td class=\"has-text-align-center\" data-align=\"center\">06<\/td><td class=\"has-text-align-center\" data-align=\"center\">3<\/td><td class=\"has-text-align-center\" data-align=\"center\">#JF01RBP0306<\/td><\/tr><tr><td class=\"has-text-align-center\" data-align=\"center\">10<\/td><td class=\"has-text-align-center\" data-align=\"center\">5<\/td><td class=\"has-text-align-center\" data-align=\"center\">#JF01RBP0510<\/td><\/tr><tr><td class=\"has-text-align-center\" data-align=\"center\">11<\/td><td class=\"has-text-align-center\" data-align=\"center\">5<\/td><td class=\"has-text-align-center\" data-align=\"center\">#JF01RBP0511<\/td><\/tr><tr><td class=\"has-text-align-center\" data-align=\"center\">12<\/td><td class=\"has-text-align-center\" data-align=\"center\">5<\/td><td class=\"has-text-align-center\" data-align=\"center\">#JF01RBP0512<\/td><\/tr><tr><td class=\"has-text-align-center\" data-align=\"center\">14<\/td><td class=\"has-text-align-center\" data-align=\"center\">7<\/td><td class=\"has-text-align-center\" data-align=\"center\">#JF01RBP0714<\/td><\/tr><tr><td class=\"has-text-align-center\" data-align=\"center\">15<\/td><td class=\"has-text-align-center\" data-align=\"center\">7<\/td><td class=\"has-text-align-center\" data-align=\"center\">#JF01RBP0715<\/td><\/tr><tr><td class=\"has-text-align-center\" data-align=\"center\">17<\/td><td class=\"has-text-align-center\" data-align=\"center\">7<\/td><td class=\"has-text-align-center\" data-align=\"center\">#JF01RBP0717<\/td><\/tr><tr><td class=\"has-text-align-center\" data-align=\"center\">17<\/td><td class=\"has-text-align-center\" data-align=\"center\">9<\/td><td class=\"has-text-align-center\" data-align=\"center\">#JF01RBP0917<\/td><\/tr><tr><td class=\"has-text-align-center\" data-align=\"center\">18<\/td><td class=\"has-text-align-center\" data-align=\"center\">7<\/td><td class=\"has-text-align-center\" data-align=\"center\">#JF01RBP0718<\/td><\/tr><tr><td class=\"has-text-align-center\" data-align=\"center\">18<\/td><td class=\"has-text-align-center\" data-align=\"center\">9<\/td><td class=\"has-text-align-center\" data-align=\"center\">#JF01RBP0918<\/td><\/tr><tr><td class=\"has-text-align-center\" data-align=\"center\">19<\/td><td class=\"has-text-align-center\" data-align=\"center\">9<\/td><td class=\"has-text-align-center\" data-align=\"center\">#JF01RBP0919<\/td><\/tr><tr><td class=\"has-text-align-center\" data-align=\"center\">20<\/td><td class=\"has-text-align-center\" data-align=\"center\">9<\/td><td class=\"has-text-align-center\" data-align=\"center\">#JF01RBP0920<\/td><\/tr><\/tbody><\/table><figcaption class=\"wp-element-caption\">Miolo e enchimento em pinus ou eucalipto<\/figcaption><\/figure>\n<\/div><\/div>\n<\/div><\/div>\n\n\n\n<div id=\"wp-block-themeisle-blocks-slider-5c93972e\" class=\"wp-block-themeisle-blocks-slider glide\" data-per-view=\"1\" data-gap=\"0\" data-peek=\"0\" data-autoplay=\"true\" data-height=\"550px\" data-hide-arrows=\"false\"><div class=\"glide__track\" data-glide-el=\"track\"><div class=\"glide__slides\"><div class=\"wp-block-themeisle-blocks-slider-item-wrapper glide__slide\" tabindex=\"0\"><figure><img decoding=\"async\" class=\"wp-block-themeisle-blocks-slider-item\" src=\"https:\/\/jfey.com.br\/wp-content\/uploads\/2023\/05\/caixas_madeirite.png\" alt=\"\" title=\"\" data-id=\"271\"\/><figcaption>Imagem Ilustrativa<\/figcaption><\/figure><\/div><div class=\"wp-block-themeisle-blocks-slider-item-wrapper glide__slide\" tabindex=\"0\"><figure><img decoding=\"async\" class=\"wp-block-themeisle-blocks-slider-item\" src=\"https:\/\/jfey.com.br\/wp-content\/uploads\/2023\/05\/Caixas_Resinado-2.png\" alt=\"\" title=\"\" data-id=\"248\"\/><figcaption>Imagem Ilustrativa<\/figcaption><\/figure><\/div><div class=\"wp-block-themeisle-blocks-slider-item-wrapper glide__slide\" tabindex=\"0\"><figure><img decoding=\"async\" class=\"wp-block-themeisle-blocks-slider-item\" src=\"https:\/\/jfey.com.br\/wp-content\/uploads\/2023\/05\/chapa_res.png\" alt=\"\" title=\"\" data-id=\"232\"\/><\/figure><\/div><div class=\"wp-block-themeisle-blocks-slider-item-wrapper glide__slide\" tabindex=\"0\"><figure><img decoding=\"async\" class=\"wp-block-themeisle-blocks-slider-item\" src=\"https:\/\/jfey.com.br\/wp-content\/uploads\/2023\/05\/resinado.png\" alt=\"\" title=\"\" data-id=\"207\"\/><\/figure><\/div><\/div><div class=\"glide__bullets\" data-glide-el=\"controls[nav]\"><button class=\"glide__bullet\" data-glide-dir=\"=0\"><\/button><button class=\"glide__bullet\" data-glide-dir=\"=1\"><\/button><button class=\"glide__bullet\" data-glide-dir=\"=2\"><\/button><button class=\"glide__bullet\" data-glide-dir=\"=3\"><\/button><\/div><\/div><\/div>\n\n\n\n<div class=\"wp-block-group alignfull has-raft-bg-background-color has-text-color has-background is-layout-flow wp-block-group-is-layout-flow\" style=\"color:#000000\">\n<div style=\"height:35px\" aria-hidden=\"true\" class=\"wp-block-spacer\"><\/div>\n\n\n\n<div class=\"wp-block-buttons is-horizontal is-content-justification-center is-layout-flex wp-container-core-buttons-is-layout-03627597 wp-block-buttons-is-layout-flex\">\n<div class=\"wp-block-button has-custom-width wp-block-button__width-50\"><a class=\"wp-block-button__link has-raft-accent-background-color has-text-color has-background wp-element-button\" href=\"https:\/\/jfey.com.br\/index.php\/solicite-um-orcamento\/\" style=\"border-radius:50px;color:#ffffff\">Solicite Um Or\u00e7amento<\/a><\/div>\n<\/div>\n\n\n\n<div style=\"height:35px\" aria-hidden=\"true\" class=\"wp-block-spacer\"><\/div>\n\n\n\n<p class=\"has-text-align-center o-typing-faster has-normal-font-size\" style=\"line-height:1\"><strong>N\u00e3o encontrou o que precisa? N\u00f3s podemos produzir compensados sob medida para atender \u00e0s suas necessidades espec\u00edficas<\/strong><\/p>\n\n\n\n<div class=\"wp-block-buttons is-horizontal is-content-justification-center is-layout-flex wp-container-core-buttons-is-layout-03627597 wp-block-buttons-is-layout-flex\">\n<div class=\"wp-block-button has-custom-width wp-block-button__width-75\"><a class=\"wp-block-button__link has-raft-accent-background-color has-text-color has-background wp-element-button\" href=\"https:\/\/jfey.com.br\/index.php\/configure-seu-compensado\/\" style=\"border-radius:100px;color:#ffffff\">Quero um produto sob medida para mim !<\/a><\/div>\n<\/div>\n<\/div>\n","protected":false},"excerpt":{"rendered":"<p>O Compensado Resinado \u00e9 produzido a partir da montagem de l\u00e2minas de madeira coladas com as fibras das l\u00e2minas adjacentes posicionadas de forma ortogonal. Essa disposi\u00e7\u00e3o das fibras confere ao produto maior resist\u00eancia e estabilidade dimensional. Al\u00e9m disso, a tecnologia utilizada na fabrica\u00e7\u00e3o da cola \u00e9 a mesma empregada no Compensado Plastificado, o que garante [&hellip;]<\/p>\n","protected":false},"author":1,"featured_media":0,"parent":0,"menu_order":0,"comment_status":"closed","ping_status":"closed","template":"","meta":{"_themeisle_gutenberg_block_has_review":false,"footnotes":""},"class_list":["post-61","page","type-page","status-publish","hentry"],"_links":{"self":[{"href":"https:\/\/jfey.com.br\/index.php\/wp-json\/wp\/v2\/pages\/61","targetHints":{"allow":["GET"]}}],"collection":[{"href":"https:\/\/jfey.com.br\/index.php\/wp-json\/wp\/v2\/pages"}],"about":[{"href":"https:\/\/jfey.com.br\/index.php\/wp-json\/wp\/v2\/types\/page"}],"author":[{"embeddable":true,"href":"https:\/\/jfey.com.br\/index.php\/wp-json\/wp\/v2\/users\/1"}],"replies":[{"embeddable":true,"href":"https:\/\/jfey.com.br\/index.php\/wp-json\/wp\/v2\/comments?post=61"}],"version-history":[{"count":14,"href":"https:\/\/jfey.com.br\/index.php\/wp-json\/wp\/v2\/pages\/61\/revisions"}],"predecessor-version":[{"id":328,"href":"https:\/\/jfey.com.br\/index.php\/wp-json\/wp\/v2\/pages\/61\/revisions\/328"}],"wp:attachment":[{"href":"https:\/\/jfey.com.br\/index.php\/wp-json\/wp\/v2\/media?parent=61"}],"curies":[{"name":"wp","href":"https:\/\/api.w.org\/{rel}","templated":true}]}}