{"id":337,"date":"2023-07-27T19:37:15","date_gmt":"2023-07-27T19:37:15","guid":{"rendered":"https:\/\/jfey.com.br\/?page_id=337"},"modified":"2023-07-27T19:37:15","modified_gmt":"2023-07-27T19:37:15","slug":"4-tipos-de-compensado-classificacao-quanto-ao-revestimento","status":"publish","type":"page","link":"https:\/\/jfey.com.br\/index.php\/4-tipos-de-compensado-classificacao-quanto-ao-revestimento\/","title":{"rendered":"4. Tipos de Compensado &#8211; Classifica\u00e7\u00e3o Quanto ao Revestimento"},"content":{"rendered":"\n<p><strong>4.1 Compensado Resinado<\/strong><\/p>\n\n\n\n<p>O compensado resinado \u00e9 um tipo de compensado que n\u00e3o recebe qualquer revestimento adicional. Isso significa que a superf\u00edcie do compensado resinado apresenta as l\u00e2minas de madeira \u00e0 mostra, proporcionando uma apar\u00eancia mais natural e r\u00fastica. Dependendo da aplica\u00e7\u00e3o, o compensado resinado pode ser lixado ou n\u00e3o.<\/p>\n\n\n\n<p>Esse tipo de compensado \u00e9 amplamente utilizado em projetos onde a est\u00e9tica \u00e9 um fator importante, como em m\u00f3veis , pain\u00e9is decorativos e revestimentos internos. O acabamento natural das l\u00e2minas de madeira pode ser valorizado por alguns projetos, enquanto em outros casos, o compensado resinado pode ser revestido com vernizes ou seladores para real\u00e7ar sua beleza e proteger a superf\u00edcie.<\/p>\n\n\n\n<p><strong>4.<\/strong>2 <strong>Compensado Plastificado:<\/strong><\/p>\n\n\n\n<p>O compensado plastificado, revestido com filme pl\u00e1stico, \u00e9 amplamente utilizado em lajes e caixarias de concreto. A camada protetora de filme pl\u00e1stico proporciona uma superf\u00edcie mais resistente \u00e0 umidade, tornando o compensado plastificado ideal para ambientes \u00famidos e aplica\u00e7\u00f5es que exijam maior durabilidade. <\/p>\n\n\n\n<p><\/p>\n\n\n\n<p><strong>Diferen\u00e7a entre Compensado Plastificado de Um e Dois Processos:<\/strong><\/p>\n\n\n\n<p>A ABIMCI (Associa\u00e7\u00e3o Brasileira da Ind\u00fastria de Madeira Processada Mecanicamente) define  como compensado Dois processos : <\/p>\n\n\n\n<figure class=\"wp-block-pullquote has-text-align-left has-normal-font-size\" style=\"border-style:none;border-width:0px;border-radius:29px\"><blockquote><p>&#8220;A chapa b\u00e1sica de madeira compensada \u00e9 produzida, esquadrejada, tem seus defeitos de face corrigidos com massa sint\u00e9tica, calibrada e finalmente recebe o revestimento do filme fen\u00f3lico.&#8221; (2 OPERA\u00c7\u00d5ES)<br>A colagem dever\u00e1 atender a Norma: ANT NBR ISO 12466-2:2012 Classe 3:Alta umidade\/ambiente externo.<\/p><cite>-Abimci<\/cite><\/blockquote><\/figure>\n\n\n\n<p>J\u00e1 a defini\u00e7\u00e3o para o compensado Um Processo:<\/p>\n\n\n\n<figure class=\"wp-block-pullquote has-text-align-left has-normal-font-size\" style=\"border-style:none;border-width:0px;border-radius:29px\"><blockquote><p>A chapa de madeira compensada \u00e9 produzida e simultaneamente recebe o revestimento do filme fen\u00f3lico. (1 OPERA\u00c7\u00c3O)<br>A colagem dever\u00e1 atender a Norma: ABNT NBR ISO 12466-2:2012<br>Classe 3: Alta umidade\/ambiente externo.<\/p><cite>-Abimci<\/cite><\/blockquote><\/figure>\n\n\n\n<p><\/p>\n","protected":false},"excerpt":{"rendered":"<p>4.1 Compensado Resinado O compensado resinado \u00e9 um tipo de compensado que n\u00e3o recebe qualquer revestimento adicional. Isso significa que a superf\u00edcie do compensado resinado apresenta as l\u00e2minas de madeira \u00e0 mostra, proporcionando uma apar\u00eancia mais natural e r\u00fastica. Dependendo da aplica\u00e7\u00e3o, o compensado resinado pode ser lixado ou n\u00e3o. Esse tipo de compensado \u00e9 [&hellip;]<\/p>\n","protected":false},"author":1,"featured_media":0,"parent":0,"menu_order":0,"comment_status":"closed","ping_status":"closed","template":"","meta":{"_themeisle_gutenberg_block_has_review":false,"footnotes":""},"class_list":["post-337","page","type-page","status-publish","hentry"],"_links":{"self":[{"href":"https:\/\/jfey.com.br\/index.php\/wp-json\/wp\/v2\/pages\/337","targetHints":{"allow":["GET"]}}],"collection":[{"href":"https:\/\/jfey.com.br\/index.php\/wp-json\/wp\/v2\/pages"}],"about":[{"href":"https:\/\/jfey.com.br\/index.php\/wp-json\/wp\/v2\/types\/page"}],"author":[{"embeddable":true,"href":"https:\/\/jfey.com.br\/index.php\/wp-json\/wp\/v2\/users\/1"}],"replies":[{"embeddable":true,"href":"https:\/\/jfey.com.br\/index.php\/wp-json\/wp\/v2\/comments?post=337"}],"version-history":[{"count":2,"href":"https:\/\/jfey.com.br\/index.php\/wp-json\/wp\/v2\/pages\/337\/revisions"}],"predecessor-version":[{"id":363,"href":"https:\/\/jfey.com.br\/index.php\/wp-json\/wp\/v2\/pages\/337\/revisions\/363"}],"wp:attachment":[{"href":"https:\/\/jfey.com.br\/index.php\/wp-json\/wp\/v2\/media?parent=337"}],"curies":[{"name":"wp","href":"https:\/\/api.w.org\/{rel}","templated":true}]}}