{"id":24,"date":"2023-03-01T22:47:20","date_gmt":"2023-03-01T22:47:20","guid":{"rendered":"https:\/\/jfey.com.br\/?page_id=24"},"modified":"2023-05-11T22:29:56","modified_gmt":"2023-05-11T22:29:56","slug":"produtos","status":"publish","type":"page","link":"https:\/\/jfey.com.br\/index.php\/produtos\/","title":{"rendered":"Produtos"},"content":{"rendered":"\n<div id=\"wp-block-themeisle-blocks-advanced-columns-55b78b58\" class=\"wp-block-themeisle-blocks-advanced-columns alignfull has-2-columns has-desktop-equal-layout has-tablet-equal-layout has-mobile-collapsedRows-layout has-vertical-center ticss-c00aadba\"><div class=\"wp-block-themeisle-blocks-advanced-columns-overlay\"><\/div><div class=\"innerblocks-wrap\">\n<div id=\"wp-block-themeisle-blocks-advanced-column-d16eef57\" class=\"wp-block-themeisle-blocks-advanced-column\">\n<h3 id=\"wp-block-themeisle-blocks-advanced-heading-af4a6933\" class=\"wp-block-themeisle-blocks-advanced-heading wp-block-themeisle-blocks-advanced-heading-af4a6933\">Compensado Plastificado<\/h3>\n\n\n\n<figure class=\"wp-block-image aligncenter size-full is-resized\"><img loading=\"lazy\" decoding=\"async\" src=\"https:\/\/jfey.com.br\/wp-content\/uploads\/2023\/05\/plastificado-3.png\" alt=\"\" class=\"wp-image-205\" width=\"550\" height=\"550\" srcset=\"https:\/\/jfey.com.br\/wp-content\/uploads\/2023\/05\/plastificado-3.png 800w, https:\/\/jfey.com.br\/wp-content\/uploads\/2023\/05\/plastificado-3-300x300.png 300w, https:\/\/jfey.com.br\/wp-content\/uploads\/2023\/05\/plastificado-3-150x150.png 150w, https:\/\/jfey.com.br\/wp-content\/uploads\/2023\/05\/plastificado-3-768x768.png 768w\" sizes=\"auto, (max-width: 550px) 100vw, 550px\" \/><\/figure>\n\n\n\n<p>O compensado plastificado \u00e9 altamente resistente \u00e0 umidade e possui uma pel\u00edcula de resina fen\u00f3lica que o torna ainda mais dur\u00e1vel. <\/p>\n\n\n\n<p>\u00c9 ideal para aplica\u00e7\u00f5es em ambientes \u00famidos e externos, sendo amplamente utilizado na constru\u00e7\u00e3o de caixarias de concreto.<\/p>\n\n\n\n<div class=\"wp-block-buttons is-content-justification-center is-layout-flex wp-container-core-buttons-is-layout-a89b3969 wp-block-buttons-is-layout-flex\">\n<div class=\"wp-block-button is-style-primary\"><a class=\"wp-block-button__link has-white-color has-text-color wp-element-button\" href=\"https:\/\/jfey.com.br\/index.php\/compensado-plastificado\/\" style=\"border-radius:23px\" target=\"_blank\" rel=\"noreferrer noopener\">Veja nosso cat\u00e1logo<\/a><\/div>\n<\/div>\n<\/div>\n\n\n\n<div id=\"wp-block-themeisle-blocks-advanced-column-bd1b0b6b\" class=\"wp-block-themeisle-blocks-advanced-column\">\n<h3 id=\"wp-block-themeisle-blocks-advanced-heading-112ba0b0\" class=\"wp-block-themeisle-blocks-advanced-heading wp-block-themeisle-blocks-advanced-heading-112ba0b0\">Compensado Resinado<\/h3>\n\n\n\n<figure class=\"wp-block-image aligncenter size-full is-resized\"><img loading=\"lazy\" decoding=\"async\" src=\"https:\/\/jfey.com.br\/wp-content\/uploads\/2023\/05\/resinado.png\" alt=\"\" class=\"wp-image-207\" width=\"550\" height=\"550\" srcset=\"https:\/\/jfey.com.br\/wp-content\/uploads\/2023\/05\/resinado.png 800w, https:\/\/jfey.com.br\/wp-content\/uploads\/2023\/05\/resinado-300x300.png 300w, https:\/\/jfey.com.br\/wp-content\/uploads\/2023\/05\/resinado-150x150.png 150w, https:\/\/jfey.com.br\/wp-content\/uploads\/2023\/05\/resinado-768x768.png 768w\" sizes=\"auto, (max-width: 550px) 100vw, 550px\" \/><\/figure>\n\n\n\n<p class=\"has-text-align-left\">Composto por l\u00e2minas de madeira coladas e revestidas com cola fen\u00f3lica, o nosso compensado resinado \u00e9 altamente resistente \u00e0 \u00e1gua e umidade.<\/p>\n\n\n\n<p class=\"has-text-align-left\"> Oferecemos diversas op\u00e7\u00f5es de madeira, incluindo pinus, eucalipto e pinho cuiabano, para atender \u00e0s necessidades de nossos clientes.<\/p>\n\n\n\n<div class=\"wp-block-buttons is-content-justification-center is-layout-flex wp-container-core-buttons-is-layout-a89b3969 wp-block-buttons-is-layout-flex\">\n<div class=\"wp-block-button is-style-primary\"><a class=\"wp-block-button__link has-white-color has-text-color wp-element-button\" href=\"https:\/\/jfey.com.br\/index.php\/compensado-resinado\/\" style=\"border-radius:23px\" target=\"_blank\" rel=\"noreferrer noopener\">Veja nosso cat\u00e1logo<\/a><\/div>\n<\/div>\n<\/div>\n<\/div><\/div>\n","protected":false},"excerpt":{"rendered":"","protected":false},"author":1,"featured_media":0,"parent":0,"menu_order":0,"comment_status":"closed","ping_status":"closed","template":"","meta":{"_themeisle_gutenberg_block_has_review":false,"footnotes":""},"class_list":["post-24","page","type-page","status-publish","hentry"],"_links":{"self":[{"href":"https:\/\/jfey.com.br\/index.php\/wp-json\/wp\/v2\/pages\/24","targetHints":{"allow":["GET"]}}],"collection":[{"href":"https:\/\/jfey.com.br\/index.php\/wp-json\/wp\/v2\/pages"}],"about":[{"href":"https:\/\/jfey.com.br\/index.php\/wp-json\/wp\/v2\/types\/page"}],"author":[{"embeddable":true,"href":"https:\/\/jfey.com.br\/index.php\/wp-json\/wp\/v2\/users\/1"}],"replies":[{"embeddable":true,"href":"https:\/\/jfey.com.br\/index.php\/wp-json\/wp\/v2\/comments?post=24"}],"version-history":[{"count":15,"href":"https:\/\/jfey.com.br\/index.php\/wp-json\/wp\/v2\/pages\/24\/revisions"}],"predecessor-version":[{"id":235,"href":"https:\/\/jfey.com.br\/index.php\/wp-json\/wp\/v2\/pages\/24\/revisions\/235"}],"wp:attachment":[{"href":"https:\/\/jfey.com.br\/index.php\/wp-json\/wp\/v2\/media?parent=24"}],"curies":[{"name":"wp","href":"https:\/\/api.w.org\/{rel}","templated":true}]}}