{"id":212,"date":"2023-05-11T19:05:08","date_gmt":"2023-05-11T19:05:08","guid":{"rendered":"https:\/\/jfey.com.br\/?page_id=212"},"modified":"2023-05-18T19:52:08","modified_gmt":"2023-05-18T19:52:08","slug":"configure-seu-compensado","status":"publish","type":"page","link":"https:\/\/jfey.com.br\/index.php\/configure-seu-compensado\/","title":{"rendered":"Configure Seu Compensado"},"content":{"rendered":"\n<p>Se voc\u00ea n\u00e3o encontrou o produto que deseja em nosso cat\u00e1logo, n\u00e3o se preocupe! Estamos aqui para fabricar compensados sob medida, perfeitamente adaptados \u00e0s suas especifica\u00e7\u00f5es.<\/p>\n\n\n\n<p>Explore todas as possibilidades e personalize o seu compensado de acordo com as suas prefer\u00eancias! Estamos oferecendo a flexibilidade de alterar todas as caracter\u00edsticas do produto para atender \u00e0s suas necessidades espec\u00edficas. Seja a espessura, o n\u00famero de camadas, a cor, o revestimento plastificado ou a esp\u00e9cie da madeira, cada detalhe pode ser ajustado de acordo com as suas prefer\u00eancias. Preencha os campos com as caracter\u00edsticas desejadas e garanta um compensado sob medida que atenda perfeitamente \u00e0s suas expectativas. N\u00e3o hesite em criar um produto \u00fanico, feito especialmente para voc\u00ea.<\/p>\n\n\n\n<div id=\"wp-block-themeisle-blocks-form-832bc785\" class=\"wp-block-themeisle-blocks-form\" data-option-name=\"bf9b28ff82ce323187abc5d0feb0d8f07ecd8436_832bc785\"><form class=\"otter-form__container\">\n<div id=\"wp-block-themeisle-blocks-form-input-e1568c98\" class=\"wp-block-themeisle-blocks-form-input\"><label for=\"wp-block-themeisle-blocks-form-input-e1568c98-input\" class=\"otter-form-input-label\"><span class=\"otter-form-input-label__label\">Nome<\/span><span class=\"required\">*<\/span><\/label><input type=\"text\" id=\"wp-block-themeisle-blocks-form-input-e1568c98-input\" required class=\"otter-form-input\"\/><\/div>\n\n\n\n<div id=\"wp-block-themeisle-blocks-form-input-a258356a\" class=\"wp-block-themeisle-blocks-form-input\"><label for=\"wp-block-themeisle-blocks-form-input-a258356a-input\" class=\"otter-form-input-label\"><span class=\"otter-form-input-label__label\">Email<\/span><span class=\"required\">*<\/span><\/label><input type=\"email\" id=\"wp-block-themeisle-blocks-form-input-a258356a-input\" required class=\"otter-form-input\"\/><\/div>\n\n\n<div class=\"protection\" aria-hidden=\"true\"><input type=\"hidden\" id=\"wp-block-themeisle-blocks-form-832bc785_nonce_field\" name=\"wp-block-themeisle-blocks-form-832bc785_nonce_field\" value=\"08015c23a0\" \/><input type=\"hidden\" name=\"_wp_http_referer\" value=\"\/index.php\/wp-json\/wp\/v2\/pages\/212\" \/><input class=\"o-anti-bot\" type=\"checkbox\"><\/div>\n\n\n<div id=\"wp-block-themeisle-blocks-form-input-5d8bb445\" class=\"wp-block-themeisle-blocks-form-input\"><label for=\"wp-block-themeisle-blocks-form-input-5d8bb445-input\" class=\"otter-form-input-label\"><span class=\"otter-form-input-label__label\">Espessura (mm)<\/span><span class=\"required\">*<\/span><\/label><input type=\"number\" id=\"wp-block-themeisle-blocks-form-input-5d8bb445-input\" required placeholder=\"26mm\" class=\"otter-form-input\"\/><\/div>\n\n\n\n<div id=\"wp-block-themeisle-blocks-form-input-46e4d9ce\" class=\"wp-block-themeisle-blocks-form-input\"><label for=\"wp-block-themeisle-blocks-form-input-46e4d9ce-input\" class=\"otter-form-input-label\"><span class=\"otter-form-input-label__label\">N\u00famero de Camadas<\/span><span class=\"required\">*<\/span><\/label><input type=\"number\" id=\"wp-block-themeisle-blocks-form-input-46e4d9ce-input\" required placeholder=\"3,5,7,9,11,13,15,17\" class=\"otter-form-input\"\/><\/div>\n\n\n\n<div id=\"wp-block-themeisle-blocks-form-input-3e91482a\" class=\"wp-block-themeisle-blocks-form-input\"><label for=\"wp-block-themeisle-blocks-form-input-3e91482a-input\" class=\"otter-form-input-label\"><span class=\"otter-form-input-label__label\">Dimens\u00f5es<\/span><span class=\"required\">*<\/span><\/label><input type=\"text\" id=\"wp-block-themeisle-blocks-form-input-3e91482a-input\" required placeholder=\"1.10m X 2.20m ou 1.22m X 2.44m\" class=\"otter-form-input\"\/><\/div>\n\n\n\n<div id=\"wp-block-themeisle-blocks-advanced-columns-55b78b58\" class=\"wp-block-themeisle-blocks-advanced-columns alignfull has-2-columns has-desktop-equal-layout has-tablet-equal-layout has-mobile-collapsedRows-layout has-vertical-center ticss-c00aadba\"><div class=\"wp-block-themeisle-blocks-advanced-columns-overlay\"><\/div><div class=\"innerblocks-wrap\">\n<div id=\"wp-block-themeisle-blocks-advanced-column-d16eef57\" class=\"wp-block-themeisle-blocks-advanced-column\">\n<figure class=\"wp-block-image aligncenter size-full\"><img loading=\"lazy\" decoding=\"async\" width=\"500\" height=\"684\" src=\"https:\/\/jfey.com.br\/wp-content\/uploads\/2023\/05\/chapa_grande_4.png\" alt=\"\" class=\"wp-image-227\" srcset=\"https:\/\/jfey.com.br\/wp-content\/uploads\/2023\/05\/chapa_grande_4.png 500w, https:\/\/jfey.com.br\/wp-content\/uploads\/2023\/05\/chapa_grande_4-219x300.png 219w\" sizes=\"auto, (max-width: 500px) 100vw, 500px\" \/><figcaption class=\"wp-element-caption\">Tamanho Grande (1.22 m X 2.44m)<\/figcaption><\/figure>\n<\/div>\n\n\n\n<div id=\"wp-block-themeisle-blocks-advanced-column-bd1b0b6b\" class=\"wp-block-themeisle-blocks-advanced-column\">\n<figure class=\"wp-block-image aligncenter size-medium\"><img loading=\"lazy\" decoding=\"async\" width=\"224\" height=\"300\" src=\"https:\/\/jfey.com.br\/wp-content\/uploads\/2023\/05\/chapa_grande-1-224x300.png\" alt=\"\" class=\"wp-image-226\" srcset=\"https:\/\/jfey.com.br\/wp-content\/uploads\/2023\/05\/chapa_grande-1-224x300.png 224w, https:\/\/jfey.com.br\/wp-content\/uploads\/2023\/05\/chapa_grande-1.png 472w\" sizes=\"auto, (max-width: 224px) 100vw, 224px\" \/><figcaption class=\"wp-element-caption\">Tamanho Pequeno (1.10 m X 2.20)<\/figcaption><\/figure>\n\n\n\n<div style=\"height:108px\" aria-hidden=\"true\" class=\"wp-block-spacer\"><\/div>\n<\/div>\n<\/div><\/div>\n\n\n\n<div id=\"wp-block-themeisle-blocks-form-input-58b43385\" class=\"wp-block-themeisle-blocks-form-input\"><label for=\"wp-block-themeisle-blocks-form-input-58b43385-input\" class=\"otter-form-input-label\"><span class=\"otter-form-input-label__label\">Revestimento<\/span><span class=\"required\">*<\/span><\/label><input type=\"text\" id=\"wp-block-themeisle-blocks-form-input-58b43385-input\" required placeholder=\"Sem revestimento ou com pel\u00edcula fen\u00f3lica\" class=\"otter-form-input\"\/><\/div>\n\n\n\n<div id=\"wp-block-themeisle-blocks-advanced-columns-ab74d7ab\" class=\"wp-block-themeisle-blocks-advanced-columns alignfull has-2-columns has-desktop-equal-layout has-tablet-equal-layout has-mobile-collapsedRows-layout has-vertical-center ticss-c00aadba\"><div class=\"wp-block-themeisle-blocks-advanced-columns-overlay\"><\/div><div class=\"innerblocks-wrap\">\n<div id=\"wp-block-themeisle-blocks-advanced-column-c970d973\" class=\"wp-block-themeisle-blocks-advanced-column\">\n<figure class=\"wp-block-image aligncenter size-large\"><img loading=\"lazy\" decoding=\"async\" width=\"1024\" height=\"1024\" src=\"https:\/\/jfey.com.br\/wp-content\/uploads\/2023\/05\/chapa_plast-1024x1024.png\" alt=\"\" class=\"wp-image-231\" srcset=\"https:\/\/jfey.com.br\/wp-content\/uploads\/2023\/05\/chapa_plast-1024x1024.png 1024w, https:\/\/jfey.com.br\/wp-content\/uploads\/2023\/05\/chapa_plast-300x300.png 300w, https:\/\/jfey.com.br\/wp-content\/uploads\/2023\/05\/chapa_plast-150x150.png 150w, https:\/\/jfey.com.br\/wp-content\/uploads\/2023\/05\/chapa_plast-768x768.png 768w, https:\/\/jfey.com.br\/wp-content\/uploads\/2023\/05\/chapa_plast-1536x1536.png 1536w, https:\/\/jfey.com.br\/wp-content\/uploads\/2023\/05\/chapa_plast-2048x2048.png 2048w, https:\/\/jfey.com.br\/wp-content\/uploads\/2023\/05\/chapa_plast-1320x1320.png 1320w\" sizes=\"auto, (max-width: 1024px) 100vw, 1024px\" \/><figcaption class=\"wp-element-caption\">Revestimento Com Pel\u00edcula Fen\u00f3lica 120g\/cm^2 <strong>Aprova d&#8217;\u00e1gua<\/strong><\/figcaption><\/figure>\n<\/div>\n\n\n\n<div id=\"wp-block-themeisle-blocks-advanced-column-6d5fb3a8\" class=\"wp-block-themeisle-blocks-advanced-column\">\n<figure class=\"wp-block-image aligncenter size-large\"><img loading=\"lazy\" decoding=\"async\" width=\"1024\" height=\"1024\" src=\"https:\/\/jfey.com.br\/wp-content\/uploads\/2023\/05\/chapa_res-1024x1024.png\" alt=\"\" class=\"wp-image-232\" srcset=\"https:\/\/jfey.com.br\/wp-content\/uploads\/2023\/05\/chapa_res-1024x1024.png 1024w, https:\/\/jfey.com.br\/wp-content\/uploads\/2023\/05\/chapa_res-300x300.png 300w, https:\/\/jfey.com.br\/wp-content\/uploads\/2023\/05\/chapa_res-150x150.png 150w, https:\/\/jfey.com.br\/wp-content\/uploads\/2023\/05\/chapa_res-768x768.png 768w, https:\/\/jfey.com.br\/wp-content\/uploads\/2023\/05\/chapa_res-1536x1536.png 1536w, https:\/\/jfey.com.br\/wp-content\/uploads\/2023\/05\/chapa_res-2048x2048.png 2048w, https:\/\/jfey.com.br\/wp-content\/uploads\/2023\/05\/chapa_res-1320x1320.png 1320w\" sizes=\"auto, (max-width: 1024px) 100vw, 1024px\" \/><figcaption class=\"wp-element-caption\">Sem Revestimento ou Com Aplica\u00e7\u00e3o de  Anilina<\/figcaption><\/figure>\n<\/div>\n<\/div><\/div>\n\n\n\n<div id=\"wp-block-themeisle-blocks-form-input-767d94f4\" class=\"wp-block-themeisle-blocks-form-input\"><label for=\"wp-block-themeisle-blocks-form-input-767d94f4-input\" class=\"otter-form-input-label\"><span class=\"otter-form-input-label__label\">Cor da lateral do compensado<\/span><\/label><input type=\"text\" id=\"wp-block-themeisle-blocks-form-input-767d94f4-input\" placeholder=\"Marrom, Preto, Azul Marinho etc..\" class=\"otter-form-input\"\/><\/div>\n\n\n\n<div id=\"wp-block-themeisle-blocks-form-input-5f078f7d\" class=\"wp-block-themeisle-blocks-form-textarea\"><label for=\"wp-block-themeisle-blocks-form-input-5f078f7d-input\" class=\"otter-form-textarea-label\"><span class=\"otter-form-textarea-label__label\">Esp\u00e9cie da madeira<\/span><span class=\"required\">*<\/span><\/label><textarea id=\"wp-block-themeisle-blocks-form-input-5f078f7d-input\" required placeholder=\"Lembre-se de que o compensado \u00e9 composto por tr\u00eas partes essenciais: a capa, o miolo e o enchimento. Essa composi\u00e7\u00e3o oferece a flexibilidade de escolher a esp\u00e9cie da madeira para cada uma dessas partes. Voc\u00ea pode optar por pinus, eucalipto ou pinho cuiabano para qualquer uma das tr\u00eas camadas, permitindo uma personaliza\u00e7\u00e3o completa do seu compensado sob medida.\" rows=\"10\" class=\"otter-form-textarea-input\"><\/textarea><\/div>\n\n\n\n<div id=\"wp-block-themeisle-blocks-form-input-c1ebdfd4\" class=\"wp-block-themeisle-blocks-form-textarea\"><label for=\"wp-block-themeisle-blocks-form-input-c1ebdfd4-input\" class=\"otter-form-textarea-label\"><span class=\"otter-form-textarea-label__label\">Observa\u00e7\u00f5es Adicionais<\/span><\/label><textarea id=\"wp-block-themeisle-blocks-form-input-c1ebdfd4-input\" placeholder=\"Por favor, forne\u00e7a todas as informa\u00e7\u00f5es adicionais para personalizar o seu produto. Estamos aqui para atender \u00e0s suas necessidades espec\u00edficas.\" rows=\"10\" class=\"otter-form-textarea-input\"><\/textarea><\/div>\n<div class=\"wp-block-button\"><button class=\"wp-block-button__link\" type=\"submit\">Submit<\/button><\/div><\/form><\/div>\n\n\n\n<p><\/p>\n","protected":false},"excerpt":{"rendered":"<p>Se voc\u00ea n\u00e3o encontrou o produto que deseja em nosso cat\u00e1logo, n\u00e3o se preocupe! Estamos aqui para fabricar compensados sob medida, perfeitamente adaptados \u00e0s suas especifica\u00e7\u00f5es. Explore todas as possibilidades e personalize o seu compensado de acordo com as suas prefer\u00eancias! Estamos oferecendo a flexibilidade de alterar todas as caracter\u00edsticas do produto para atender \u00e0s [&hellip;]<\/p>\n","protected":false},"author":1,"featured_media":0,"parent":0,"menu_order":0,"comment_status":"closed","ping_status":"closed","template":"","meta":{"_themeisle_gutenberg_block_has_review":false,"footnotes":""},"class_list":["post-212","page","type-page","status-publish","hentry"],"_links":{"self":[{"href":"https:\/\/jfey.com.br\/index.php\/wp-json\/wp\/v2\/pages\/212","targetHints":{"allow":["GET"]}}],"collection":[{"href":"https:\/\/jfey.com.br\/index.php\/wp-json\/wp\/v2\/pages"}],"about":[{"href":"https:\/\/jfey.com.br\/index.php\/wp-json\/wp\/v2\/types\/page"}],"author":[{"embeddable":true,"href":"https:\/\/jfey.com.br\/index.php\/wp-json\/wp\/v2\/users\/1"}],"replies":[{"embeddable":true,"href":"https:\/\/jfey.com.br\/index.php\/wp-json\/wp\/v2\/comments?post=212"}],"version-history":[{"count":7,"href":"https:\/\/jfey.com.br\/index.php\/wp-json\/wp\/v2\/pages\/212\/revisions"}],"predecessor-version":[{"id":265,"href":"https:\/\/jfey.com.br\/index.php\/wp-json\/wp\/v2\/pages\/212\/revisions\/265"}],"wp:attachment":[{"href":"https:\/\/jfey.com.br\/index.php\/wp-json\/wp\/v2\/media?parent=212"}],"curies":[{"name":"wp","href":"https:\/\/api.w.org\/{rel}","templated":true}]}}