{"id":158,"date":"2023-03-09T15:03:35","date_gmt":"2023-03-09T15:03:35","guid":{"rendered":"https:\/\/jfey.com.br\/?page_id=158"},"modified":"2023-03-09T17:07:01","modified_gmt":"2023-03-09T17:07:01","slug":"solicite-um-orcamento","status":"publish","type":"page","link":"https:\/\/jfey.com.br\/index.php\/solicite-um-orcamento\/","title":{"rendered":"Solicite um Or\u00e7amento"},"content":{"rendered":"\n<p class=\"has-small-font-size\">Bem-vindo ao nosso formul\u00e1rio de solicita\u00e7\u00e3o de or\u00e7amentos. Aqui voc\u00ea pode fornecer informa\u00e7\u00f5es para um or\u00e7amento personalizado. Se preferir outro tipo de atendimento, como chat ou liga\u00e7\u00e3o, clique no bot\u00e3o de contato no final da p\u00e1gina. Caso n\u00e3o conhe\u00e7a nossos produtos, h\u00e1 um bot\u00e3o para nossa p\u00e1gina de produtos no final da p\u00e1gina. Preencha o formul\u00e1rio com as informa\u00e7\u00f5es relevantes e entraremos em contato em breve. Agradecemos pela confian\u00e7a em nossa empresa.<\/p>\n\n\n\n<div id=\"wp-block-themeisle-blocks-form-c65974b0\" class=\"wp-block-themeisle-blocks-form\" data-option-name=\"bf9b28ff82ce323187abc5d0feb0d8f07ecd8436_c65974b0\"><form class=\"otter-form__container\">\n<div id=\"wp-block-themeisle-blocks-form-input-521d4dd9\" class=\"wp-block-themeisle-blocks-form-input\"><label for=\"wp-block-themeisle-blocks-form-input-521d4dd9-input\" class=\"otter-form-input-label\"><span class=\"otter-form-input-label__label\">Nome\/Empresa<\/span><span class=\"required\">*<\/span><\/label><input type=\"text\" id=\"wp-block-themeisle-blocks-form-input-521d4dd9-input\" required class=\"otter-form-input\"\/><\/div>\n\n\n\n<div id=\"wp-block-themeisle-blocks-form-input-f1b3e289\" class=\"wp-block-themeisle-blocks-form-input\"><label for=\"wp-block-themeisle-blocks-form-input-f1b3e289-input\" class=\"otter-form-input-label\"><span class=\"otter-form-input-label__label\">Localiza\u00e7\u00e3o<\/span><span class=\"required\">*<\/span><\/label><input type=\"text\" id=\"wp-block-themeisle-blocks-form-input-f1b3e289-input\" required placeholder=\"Cidade e Estado\" class=\"otter-form-input\"\/><\/div>\n\n\n\n<div id=\"wp-block-themeisle-blocks-form-input-7d095f63\" class=\"wp-block-themeisle-blocks-form-input\"><label for=\"wp-block-themeisle-blocks-form-input-7d095f63-input\" class=\"otter-form-input-label\"><span class=\"otter-form-input-label__label\">E-mail<\/span><span class=\"required\">*<\/span><\/label><input type=\"email\" id=\"wp-block-themeisle-blocks-form-input-7d095f63-input\" required class=\"otter-form-input\"\/><\/div>\n\n\n<div class=\"protection\" aria-hidden=\"true\"><input type=\"hidden\" id=\"wp-block-themeisle-blocks-form-c65974b0_nonce_field\" name=\"wp-block-themeisle-blocks-form-c65974b0_nonce_field\" value=\"08015c23a0\" \/><input type=\"hidden\" name=\"_wp_http_referer\" value=\"\/index.php\/wp-json\/wp\/v2\/pages\/158\" \/><input class=\"o-anti-bot\" type=\"checkbox\"><\/div>\n\n\n<div id=\"wp-block-themeisle-blocks-form-textarea-b76b8e4e\" class=\"wp-block-themeisle-blocks-form-textarea\"><label for=\"wp-block-themeisle-blocks-form-textarea-b76b8e4e-input\" class=\"otter-form-textarea-label\"><span class=\"otter-form-textarea-label__label\">Mensagem<\/span><\/label><textarea id=\"wp-block-themeisle-blocks-form-textarea-b76b8e4e-input\" placeholder=\"Por favor, descreva os produtos e quantidades que deseja cotar, incluindo suas especifica\u00e7\u00f5es, tais como tamanho, espessura, cor e acabamento. Voc\u00ea pode conferir nossos produtos dispon\u00edveis na p\u00e1gina de produtos. Quanto mais detalhes voc\u00ea fornecer, mais precisamente poderemos atender \u00e0 sua solicita\u00e7\u00e3o de or\u00e7amento.\" rows=\"10\" class=\"otter-form-textarea-input\"><\/textarea><\/div>\n\n\n\n<p class=\"has-extra-small-font-size\"><\/p>\n<div class=\"wp-block-button\"><button class=\"wp-block-button__link\" type=\"submit\">Enviar<\/button><\/div><\/form><\/div>\n\n\n\n<div style=\"height:47px\" aria-hidden=\"true\" class=\"wp-block-spacer\"><\/div>\n\n\n\n<hr class=\"wp-block-separator alignwide has-text-color has-raft-accent-color has-alpha-channel-opacity has-raft-accent-background-color has-background is-style-wide\" style=\"margin-top:var(--wp--preset--spacing--50);margin-bottom:var(--wp--preset--spacing--50)\"\/>\n\n\n\n<div style=\"height:44px\" aria-hidden=\"true\" class=\"wp-block-spacer\"><\/div>\n\n\n\n<div class=\"wp-block-columns is-layout-flex wp-container-core-columns-is-layout-28f84493 wp-block-columns-is-layout-flex\">\n<div class=\"wp-block-column is-layout-flow wp-block-column-is-layout-flow\">\n<div class=\"wp-block-buttons is-layout-flex wp-block-buttons-is-layout-flex\">\n<div class=\"wp-block-button aligncenter has-custom-width wp-block-button__width-100\"><a class=\"wp-block-button__link has-white-color has-text-color wp-element-button\" href=\"https:\/\/jfey.com.br\/index.php\/produtos\/\" style=\"border-radius:23px;padding-top:var(--wp--preset--spacing--30);padding-right:var(--wp--preset--spacing--30);padding-bottom:var(--wp--preset--spacing--30);padding-left:var(--wp--preset--spacing--30)\"><strong>Conhe\u00e7a Nossos Produtos<\/strong><\/a><\/div>\n<\/div>\n<\/div>\n\n\n\n<div class=\"wp-block-column is-layout-flow wp-block-column-is-layout-flow\">\n<div class=\"wp-block-buttons is-content-justification-center is-layout-flex wp-container-core-buttons-is-layout-749adb30 wp-block-buttons-is-layout-flex\">\n<div class=\"wp-block-button aligncenter has-custom-width wp-block-button__width-100 is-style-fill\"><a class=\"wp-block-button__link has-white-color has-text-color wp-element-button\" href=\"https:\/\/jfey.com.br\/index.php\/contato\/\" style=\"border-radius:23px;padding-top:var(--wp--preset--spacing--30);padding-right:var(--wp--preset--spacing--30);padding-bottom:var(--wp--preset--spacing--30);padding-left:var(--wp--preset--spacing--30)\">Contato<\/a><\/div>\n<\/div>\n<\/div>\n<\/div>\n\n\n\n<div style=\"height:181px\" aria-hidden=\"true\" class=\"wp-block-spacer\"><\/div>\n","protected":false},"excerpt":{"rendered":"<p>Bem-vindo ao nosso formul\u00e1rio de solicita\u00e7\u00e3o de or\u00e7amentos. Aqui voc\u00ea pode fornecer informa\u00e7\u00f5es para um or\u00e7amento personalizado. Se preferir outro tipo de atendimento, como chat ou liga\u00e7\u00e3o, clique no bot\u00e3o de contato no final da p\u00e1gina. Caso n\u00e3o conhe\u00e7a nossos produtos, h\u00e1 um bot\u00e3o para nossa p\u00e1gina de produtos no final da p\u00e1gina. Preencha o [&hellip;]<\/p>\n","protected":false},"author":1,"featured_media":0,"parent":0,"menu_order":0,"comment_status":"closed","ping_status":"closed","template":"","meta":{"_themeisle_gutenberg_block_has_review":false,"footnotes":""},"class_list":["post-158","page","type-page","status-publish","hentry"],"_links":{"self":[{"href":"https:\/\/jfey.com.br\/index.php\/wp-json\/wp\/v2\/pages\/158","targetHints":{"allow":["GET"]}}],"collection":[{"href":"https:\/\/jfey.com.br\/index.php\/wp-json\/wp\/v2\/pages"}],"about":[{"href":"https:\/\/jfey.com.br\/index.php\/wp-json\/wp\/v2\/types\/page"}],"author":[{"embeddable":true,"href":"https:\/\/jfey.com.br\/index.php\/wp-json\/wp\/v2\/users\/1"}],"replies":[{"embeddable":true,"href":"https:\/\/jfey.com.br\/index.php\/wp-json\/wp\/v2\/comments?post=158"}],"version-history":[{"count":5,"href":"https:\/\/jfey.com.br\/index.php\/wp-json\/wp\/v2\/pages\/158\/revisions"}],"predecessor-version":[{"id":167,"href":"https:\/\/jfey.com.br\/index.php\/wp-json\/wp\/v2\/pages\/158\/revisions\/167"}],"wp:attachment":[{"href":"https:\/\/jfey.com.br\/index.php\/wp-json\/wp\/v2\/media?parent=158"}],"curies":[{"name":"wp","href":"https:\/\/api.w.org\/{rel}","templated":true}]}}