{"id":120,"date":"2023-03-07T20:42:51","date_gmt":"2023-03-07T20:42:51","guid":{"rendered":"https:\/\/jfey.com.br\/?page_id=120"},"modified":"2023-05-29T20:00:12","modified_gmt":"2023-05-29T20:00:12","slug":"sobre","status":"publish","type":"page","link":"https:\/\/jfey.com.br\/index.php\/sobre\/","title":{"rendered":"Sobre n\u00f3s"},"content":{"rendered":"\n<div class=\"wp-block-columns alignwide is-layout-flex wp-container-core-columns-is-layout-c6bc58be wp-block-columns-is-layout-flex\" style=\"border-style:none;border-width:0px;padding-top:0px;padding-right:0px;padding-bottom:0px;padding-left:0px\">\n<div class=\"wp-block-column is-layout-flow wp-block-column-is-layout-flow\">\n<div style=\"height:50px\" aria-hidden=\"true\" class=\"wp-block-spacer\"><\/div>\n\n\n\n<p>Com mais de 30 anos de atua\u00e7\u00e3o no mercado de compensados, a J. Fey &amp; Filhos \u00e9 uma empresa de cunho familiar que preza pela qualidade do produto e com o respeito ao cliente.<\/p>\n\n\n\n<div style=\"height:63px\" aria-hidden=\"true\" class=\"wp-block-spacer\"><\/div>\n\n\n\n<figure class=\"wp-block-image size-large wp-duotone-unset-1\"><img loading=\"lazy\" decoding=\"async\" width=\"4032\" height=\"2520\" src=\"https:\/\/jfey.com.br\/wp-content\/uploads\/2023\/05\/esquadrejadeira-edited.png\" alt=\"\" class=\"wp-image-287\" srcset=\"https:\/\/jfey.com.br\/wp-content\/uploads\/2023\/05\/esquadrejadeira-edited.png 4032w, https:\/\/jfey.com.br\/wp-content\/uploads\/2023\/05\/esquadrejadeira-edited-300x188.png 300w, https:\/\/jfey.com.br\/wp-content\/uploads\/2023\/05\/esquadrejadeira-edited-1024x640.png 1024w, https:\/\/jfey.com.br\/wp-content\/uploads\/2023\/05\/esquadrejadeira-edited-768x480.png 768w, https:\/\/jfey.com.br\/wp-content\/uploads\/2023\/05\/esquadrejadeira-edited-1536x960.png 1536w, https:\/\/jfey.com.br\/wp-content\/uploads\/2023\/05\/esquadrejadeira-edited-2048x1280.png 2048w, https:\/\/jfey.com.br\/wp-content\/uploads\/2023\/05\/esquadrejadeira-edited-1320x825.png 1320w\" sizes=\"auto, (max-width: 4032px) 100vw, 4032px\" \/><\/figure>\n\n\n\n<div style=\"height:100px\" aria-hidden=\"true\" class=\"wp-block-spacer\"><\/div>\n\n\n\n<p>Nosso compromisso com a excel\u00eancia no atendimento \u00e9 outro valor fundamental de nossa empresa. Queremos que nossos clientes tenham a melhor experi\u00eancia poss\u00edvel ao adquirir nossos produtos. Por isso, estamos sempre buscando maneiras de aprimorar nossos processos e tecnologias, garantindo a satisfa\u00e7\u00e3o de nossos clientes.<\/p>\n\n\n\n<p><\/p>\n\n\n\n<p><\/p>\n<\/div>\n\n\n\n<div class=\"wp-block-column is-layout-flow wp-block-column-is-layout-flow\">\n<figure class=\"wp-block-image aligncenter size-large wp-duotone-unset-2\"><img loading=\"lazy\" decoding=\"async\" width=\"4724\" height=\"2657\" src=\"https:\/\/jfey.com.br\/wp-content\/uploads\/2023\/05\/aere-edited.png\" alt=\"\" class=\"wp-image-268\" srcset=\"https:\/\/jfey.com.br\/wp-content\/uploads\/2023\/05\/aere-edited.png 4724w, https:\/\/jfey.com.br\/wp-content\/uploads\/2023\/05\/aere-edited-300x169.png 300w, https:\/\/jfey.com.br\/wp-content\/uploads\/2023\/05\/aere-edited-1024x576.png 1024w, https:\/\/jfey.com.br\/wp-content\/uploads\/2023\/05\/aere-edited-768x432.png 768w, https:\/\/jfey.com.br\/wp-content\/uploads\/2023\/05\/aere-edited-1536x864.png 1536w, https:\/\/jfey.com.br\/wp-content\/uploads\/2023\/05\/aere-edited-2048x1152.png 2048w, https:\/\/jfey.com.br\/wp-content\/uploads\/2023\/05\/aere-edited-1320x742.png 1320w\" sizes=\"auto, (max-width: 4724px) 100vw, 4724px\" \/><\/figure>\n\n\n\n<div style=\"height:57px\" aria-hidden=\"true\" class=\"wp-block-spacer\"><\/div>\n\n\n\n<p>Al\u00e9m de oferecer produtos de alta qualidade, a J. Fey &amp; Filhos se preocupa com a sustentabilidade em todo o processo produtivo .Por isso n\u00f3s utilizamos madeiras provenientes de \u00e1reas reflorestadas pr\u00f3prias<\/p>\n\n\n\n<div style=\"height:71px\" aria-hidden=\"true\" class=\"wp-block-spacer\"><\/div>\n\n\n\n<figure class=\"wp-block-image size-large\"><img loading=\"lazy\" decoding=\"async\" width=\"1024\" height=\"1005\" src=\"https:\/\/jfey.com.br\/wp-content\/uploads\/2023\/05\/batedeira-1024x1005.png\" alt=\"\" class=\"wp-image-289\" srcset=\"https:\/\/jfey.com.br\/wp-content\/uploads\/2023\/05\/batedeira-1024x1005.png 1024w, https:\/\/jfey.com.br\/wp-content\/uploads\/2023\/05\/batedeira-300x295.png 300w, https:\/\/jfey.com.br\/wp-content\/uploads\/2023\/05\/batedeira-768x754.png 768w, https:\/\/jfey.com.br\/wp-content\/uploads\/2023\/05\/batedeira-1536x1508.png 1536w, https:\/\/jfey.com.br\/wp-content\/uploads\/2023\/05\/batedeira-2048x2011.png 2048w, https:\/\/jfey.com.br\/wp-content\/uploads\/2023\/05\/batedeira-1320x1296.png 1320w\" sizes=\"auto, (max-width: 1024px) 100vw, 1024px\" \/><\/figure>\n<\/div>\n<\/div>\n\n\n\n<div style=\"height:70px\" aria-hidden=\"true\" class=\"wp-block-spacer\"><\/div>\n\n\n\n<div style=\"height:59px\" aria-hidden=\"true\" class=\"wp-block-spacer\"><\/div>\n\n\n\n<h2 class=\"wp-block-heading\">Onde Estamos ?<\/h2>\n\n\n\n<div style=\"height:37px\" aria-hidden=\"true\" class=\"wp-block-spacer\"><\/div>\n\n\n\n<div class=\"wp-block-columns is-layout-flex wp-container-core-columns-is-layout-28f84493 wp-block-columns-is-layout-flex\">\n<div class=\"wp-block-column is-vertically-aligned-top is-layout-flow wp-block-column-is-layout-flow\" style=\"border-style:none;border-width:0px;padding-top:0;padding-right:0;padding-bottom:0;padding-left:0;flex-basis:100%\"><div style=\"height:500pxpx;\" class=\"wp-block-themeisle-blocks-leaflet-map\" id=\"wp-block-themeisle-blocks-leaflet-map-12ed713f\"><\/div>\n<script type=\"text\/javascript\">\n\t\/* <![CDATA[ *\/\n\t\tif ( ! window.themeisleLeafletMaps ) window.themeisleLeafletMaps =[];\n\t\twindow.themeisleLeafletMaps.push( { container: \"wp-block-themeisle-blocks-leaflet-map-12ed713f\", attributes: {\"id\":\"wp-block-themeisle-blocks-leaflet-map-12ed713f\",\"location\":\"Palmas Pr\",\"latitude\":\"-15.707662769583505\",\"longitude\":\"-54.22851562500001\",\"bbox\":\"-86.74804687500001,-35.38904996691167,-21.708984375000004,6.053161295714067\",\"zoom\":4,\"height\":\"500px\",\"markers\":[{\"id\":\"bab094d3-d595-479e-b2f4-cbc4bc682e12\",\"latitude\":-26.4682624893672,\"longitude\":-52.00105576176941,\"title\":\"J Fey &#038; Filhos \",\"description\":\"<p><strong>J Fey &amp; Filhos <\\\/strong><\\\/p>\"}],\"zoomControl\":true,\"draggable\":true,\"hasCustomCSS\":false,\"customCSS\":\"\",\"otterConditions\":[]} } );\n\t\/* ]]> *\/\n<\/script>\n<\/div>\n<\/div>\n","protected":false},"excerpt":{"rendered":"<p>Com mais de 30 anos de atua\u00e7\u00e3o no mercado de compensados, a J. Fey &amp; Filhos \u00e9 uma empresa de cunho familiar que preza pela qualidade do produto e com o respeito ao cliente. Nosso compromisso com a excel\u00eancia no atendimento \u00e9 outro valor fundamental de nossa empresa. Queremos que nossos clientes tenham a melhor [&hellip;]<\/p>\n","protected":false},"author":1,"featured_media":0,"parent":0,"menu_order":0,"comment_status":"closed","ping_status":"closed","template":"","meta":{"_themeisle_gutenberg_block_has_review":false,"footnotes":""},"class_list":["post-120","page","type-page","status-publish","hentry"],"_links":{"self":[{"href":"https:\/\/jfey.com.br\/index.php\/wp-json\/wp\/v2\/pages\/120","targetHints":{"allow":["GET"]}}],"collection":[{"href":"https:\/\/jfey.com.br\/index.php\/wp-json\/wp\/v2\/pages"}],"about":[{"href":"https:\/\/jfey.com.br\/index.php\/wp-json\/wp\/v2\/types\/page"}],"author":[{"embeddable":true,"href":"https:\/\/jfey.com.br\/index.php\/wp-json\/wp\/v2\/users\/1"}],"replies":[{"embeddable":true,"href":"https:\/\/jfey.com.br\/index.php\/wp-json\/wp\/v2\/comments?post=120"}],"version-history":[{"count":22,"href":"https:\/\/jfey.com.br\/index.php\/wp-json\/wp\/v2\/pages\/120\/revisions"}],"predecessor-version":[{"id":324,"href":"https:\/\/jfey.com.br\/index.php\/wp-json\/wp\/v2\/pages\/120\/revisions\/324"}],"wp:attachment":[{"href":"https:\/\/jfey.com.br\/index.php\/wp-json\/wp\/v2\/media?parent=120"}],"curies":[{"name":"wp","href":"https:\/\/api.w.org\/{rel}","templated":true}]}}